{"id":7900,"date":"2024-09-25T12:41:18","date_gmt":"2024-09-25T10:41:18","guid":{"rendered":"https:\/\/preprod.syner.glass\/politique-de-cookies\/"},"modified":"2024-12-16T13:38:54","modified_gmt":"2024-12-16T12:38:54","slug":"politique-de-cookies","status":"publish","type":"page","link":"https:\/\/preprod.syner.glass\/fr\/politique-de-cookies\/","title":{"rendered":"Politique de cookies"},"content":{"rendered":"\t\t<div data-elementor-type=\"wp-page\" data-elementor-id=\"7900\" class=\"elementor elementor-7900 elementor-2713\" data-elementor-post-type=\"page\">\n\t\t\t\t<div class=\"elementor-element elementor-element-3a4d6728 e-con-full e-flex e-con e-parent\" data-id=\"3a4d6728\" data-element_type=\"container\">\n\t\t\t\t<div class=\"elementor-element elementor-element-1c67f20 elementor-widget elementor-widget-text-editor\" data-id=\"1c67f20\" data-element_type=\"widget\" data-widget_type=\"text-editor.default\">\n\t\t\t\t<div class=\"elementor-widget-container\">\n\t\t\t\t\t\t\t<h1 class=\"entry-title\"><strong>Politique en mati\u00e8re de cookies<\/strong><\/h1>\n<p><em>Cette politique de cookies a \u00e9t\u00e9 mise \u00e0 jour pour la derni\u00e8re fois le 27 mars 2024 et s\u2019applique aux citoyens et aux r\u00e9sidents permanents l\u00e9gaux de l\u2019Espace \u00c9conomique Europ\u00e9en et de la Suisse.<\/em><\/p>\n<p><strong>1. Introduction<\/strong><br \/>Notre site web, <a href=\"https:\/\/www.syner.glass\">https:\/\/www.syner.glass<\/a> (ci-apr\u00e8s : &#8220;le site web&#8221;), utilise des cookies et d&#8217;autres technologies connexes (par souci de simplicit\u00e9, toutes ces technologies sont d\u00e9sign\u00e9es par le terme &#8220;cookies&#8221;). Des cookies de tiers peuvent \u00e9galement \u00eatre plac\u00e9s par des parties que nous avons engag\u00e9es. Dans le document ci-dessous, nous vous informons de l&#8217;utilisation des cookies sur notre site web.  <\/p>\n<p><strong>2. Qu&#8217;est-ce qu&#8217;un cookie ?<\/strong><br \/>Un cookie est un petit fichier simple qui est envoy\u00e9 avec les pages de ce site web et stock\u00e9 par votre navigateur sur le disque dur de votre ordinateur ou d&#8217;un autre appareil.<br \/>\nLes informations qu&#8217;il contient peuvent \u00eatre renvoy\u00e9es \u00e0 nos serveurs ou \u00e0 ceux de tiers concern\u00e9s lors d&#8217;une visite ult\u00e9rieure. <\/p>\n<p><strong>3. Qu&#8217;est-ce qu&#8217;un script ?<\/strong><br \/>Un script est un morceau de code de programme qui est utilis\u00e9 pour faire fonctionner notre site web correctement et de mani\u00e8re interactive.<br \/>\nCe code est ex\u00e9cut\u00e9 sur notre serveur ou sur votre appareil. <\/p>\n<p><strong>4. Qu&#8217;est-ce qu&#8217;une balise web ?<\/strong><br \/>Une balise web (ou balise invisible) est un petit texte ou une image invisible sur un site web, utilis\u00e9 pour surveiller le trafic sur un site web.<br \/>\nPour ce faire, diverses donn\u00e9es vous concernant sont stock\u00e9es via les balises web. <\/p>\n<p><strong>5. Cookies  <\/strong><\/p>\n<p><strong>5.1 Cookies techniques ou fonctionnels<\/strong><br \/>Certains cookies garantissent le bon fonctionnement de certaines parties du site web et la m\u00e9morisation de vos pr\u00e9f\u00e9rences d&#8217;utilisateur.<br \/>\nEn pla\u00e7ant des cookies fonctionnels, nous facilitons votre visite sur notre site web.<br \/>\nAinsi, vous n&#8217;avez pas besoin de saisir plusieurs fois les m\u00eames informations lorsque vous visitez notre site web, et les articles restent dans votre panier jusqu&#8217;\u00e0 ce que vous effectuiez le paiement.<br \/>\nNous pouvons placer ces cookies sans votre consentement.   <\/p>\n<p><strong>5.2 Cookies de marketing\/tra\u00e7age<\/strong><br \/>Les cookies de marketing\/tra\u00e7age sont des cookies ou toute autre forme de stockage local utilis\u00e9s pour cr\u00e9er des profils d&#8217;utilisateur afin d&#8217;afficher de la publicit\u00e9 ou de suivre l&#8217;utilisateur sur ce site web ou sur plusieurs sites web \u00e0 des fins de marketing similaires.<\/p>\n<p><strong>6. Cookies plac\u00e9s<\/strong><\/p>\n<p><strong>7. Consentement<\/strong><br \/>Lorsque vous visitez notre site web pour la premi\u00e8re fois, nous affichons une fen\u00eatre contextuelle contenant des explications sur les cookies.<br \/>\nD\u00e8s que vous cliquez sur &#8220;Accepter tout&#8221;, vous consentez \u00e0 ce que nous utilisions tous les cookies et plugins d\u00e9crits dans la fen\u00eatre contextuelle et dans la pr\u00e9sente politique en mati\u00e8re de cookies.<br \/>\nVous pouvez d\u00e9sactiver l&#8217;utilisation des cookies via votre navigateur, mais veuillez noter que notre site web pourrait ne plus fonctionner correctement.  <\/p>\n<p><strong>7.1 G\u00e9rer vos param\u00e8tres de consentement<\/strong><br \/>Fonctionnel &#8211; Toujours actif<br \/>Marketing &#8211; Marketing<\/p>\n<p><strong>8. Activer\/d\u00e9sactiver et supprimer les cookies<\/strong><br \/>Vous pouvez utiliser votre navigateur Internet pour supprimer automatiquement ou manuellement les cookies.<br \/>\nVous pouvez \u00e9galement sp\u00e9cifier que certains cookies ne doivent pas \u00eatre plac\u00e9s.<br \/>\nVous pouvez \u00e9galement modifier les param\u00e8tres de votre navigateur Internet de mani\u00e8re \u00e0 recevoir un message chaque fois qu&#8217;un cookie est plac\u00e9.<br \/>\nPour plus d&#8217;informations sur ces options, reportez-vous aux instructions de la section Aide de votre navigateur.<br \/>Veuillez noter que notre site web peut ne pas fonctionner correctement si tous les cookies sont d\u00e9sactiv\u00e9s.<br \/>\nSi vous supprimez les cookies dans votre navigateur, ils seront \u00e0 nouveau plac\u00e9s apr\u00e8s votre consentement lorsque vous visiterez \u00e0 nouveau notre site web.    <\/p>\n<p><strong>9. Vos droits concernant les donn\u00e9es \u00e0 caract\u00e8re personnel<\/strong><br \/>Vous avez les droits suivants concernant vos donn\u00e9es \u00e0 caract\u00e8re personnel :<br \/>&#8211; Vous avez le droit de savoir pourquoi vos donn\u00e9es \u00e0 caract\u00e8re personnel sont n\u00e9cessaires, ce qu&#8217;il en adviendra et combien de temps elles seront conserv\u00e9es.<br \/>&#8211; Droit d&#8217;acc\u00e8s : Vous avez le droit d&#8217;acc\u00e9der \u00e0 vos donn\u00e9es personnelles dont nous avons connaissance.<br \/>&#8211; Droit de rectification : Vous avez le droit de compl\u00e9ter, corriger, supprimer ou bloquer vos donn\u00e9es personnelles \u00e0 tout moment.<br \/>&#8211; Si vous nous donnez votre consentement pour le traitement de vos donn\u00e9es, vous avez le droit de r\u00e9voquer ce consentement et de faire effacer vos donn\u00e9es personnelles.<br \/>&#8211; Droit de transf\u00e9rer vos donn\u00e9es : Vous avez le droit de demander au responsable du traitement de vous communiquer toutes vos donn\u00e9es \u00e0 caract\u00e8re personnel et de les transf\u00e9rer dans leur int\u00e9gralit\u00e9 \u00e0 un autre responsable du traitement.<br \/>&#8211; Droit d&#8217;opposition : Vous pouvez vous opposer au traitement de vos donn\u00e9es.<br \/>\nNous nous y conformerons \u00e0 moins qu&#8217;il n&#8217;existe des motifs justifi\u00e9s pour le traitement.<br \/>Pour exercer ces droits, veuillez nous contacter.<br \/>\nReportez-vous aux coordonn\u00e9es figurant au bas de la pr\u00e9sente politique en mati\u00e8re de cookies.<br \/>\nSi vous avez une r\u00e9clamation concernant le traitement de vos donn\u00e9es, nous vous remercions de nous en informer, mais vous avez \u00e9galement le droit de d\u00e9poser une plainte aupr\u00e8s de l&#8217;autorit\u00e9 de surveillance (l&#8217;autorit\u00e9 responsable de la protection des donn\u00e9es).   <\/p>\n<p><strong>10. Coordonn\u00e9es<\/strong><br \/>Pour toute question et\/ou commentaire concernant notre politique en mati\u00e8re de cookies et la pr\u00e9sente d\u00e9claration, veuillez nous contacter en utilisant les coordonn\u00e9es suivantes :<br \/>SYNERGLASS<br \/>Rue des Spinettes,<br \/>7, 4140,<br \/>Sprimont,<br \/>Belgique<br \/>Site web <a href=\"https:\/\/www.syner.glass\">:<\/a> https:\/\/www.syner.glass<br \/>Email : <a href=\"mailto:syner_admin@yopmail.com\">syner_admin@yopmail.com<\/a><\/p>\n<p>Cette politique en mati\u00e8re de cookies a \u00e9t\u00e9 synchronis\u00e9e avec cookiedatabase.org le 28 avril 2024.<\/p>\n\t\t\t\t\t\t<\/div>\n\t\t\t\t<\/div>\n\t\t\t\t<\/div>\n\t\t\t\t<\/div>\n\t\t","protected":false},"excerpt":{"rendered":"<p>Politique en mati\u00e8re de cookies Cette politique de cookies a \u00e9t\u00e9 mise \u00e0 jour pour la derni\u00e8re fois le 27 mars 2024 et s\u2019applique aux citoyens et aux r\u00e9sidents permanents l\u00e9gaux de l\u2019Espace \u00c9conomique Europ\u00e9en et de la Suisse. 1. &hellip; <a href=\"https:\/\/preprod.syner.glass\/fr\/politique-de-cookies\/\">Read More<\/a><\/p>\n","protected":false},"author":2,"featured_media":0,"parent":0,"menu_order":0,"comment_status":"closed","ping_status":"closed","template":"","meta":{"_acf_changed":false,"inline_featured_image":false,"footnotes":""},"class_list":["post-7900","page","type-page","status-publish","hentry"],"acf":[],"_links":{"self":[{"href":"https:\/\/preprod.syner.glass\/fr\/wp-json\/wp\/v2\/pages\/7900","targetHints":{"allow":["GET"]}}],"collection":[{"href":"https:\/\/preprod.syner.glass\/fr\/wp-json\/wp\/v2\/pages"}],"about":[{"href":"https:\/\/preprod.syner.glass\/fr\/wp-json\/wp\/v2\/types\/page"}],"author":[{"embeddable":true,"href":"https:\/\/preprod.syner.glass\/fr\/wp-json\/wp\/v2\/users\/2"}],"replies":[{"embeddable":true,"href":"https:\/\/preprod.syner.glass\/fr\/wp-json\/wp\/v2\/comments?post=7900"}],"version-history":[{"count":1,"href":"https:\/\/preprod.syner.glass\/fr\/wp-json\/wp\/v2\/pages\/7900\/revisions"}],"predecessor-version":[{"id":7901,"href":"https:\/\/preprod.syner.glass\/fr\/wp-json\/wp\/v2\/pages\/7900\/revisions\/7901"}],"wp:attachment":[{"href":"https:\/\/preprod.syner.glass\/fr\/wp-json\/wp\/v2\/media?parent=7900"}],"curies":[{"name":"wp","href":"https:\/\/api.w.org\/{rel}","templated":true}]}}