{"id":2764,"date":"2024-09-04T15:04:19","date_gmt":"2024-09-04T13:04:19","guid":{"rendered":"https:\/\/preprod.syner.glass\/politique-de-confidentialite\/"},"modified":"2024-12-18T12:43:50","modified_gmt":"2024-12-18T11:43:50","slug":"politique-de-confidentialite","status":"publish","type":"page","link":"https:\/\/preprod.syner.glass\/fr\/politique-de-confidentialite\/","title":{"rendered":"Politique de confidentialit\u00e9"},"content":{"rendered":"\t\t<div data-elementor-type=\"wp-page\" data-elementor-id=\"2764\" class=\"elementor elementor-2764 elementor-3\" data-elementor-post-type=\"page\">\n\t\t\t\t<div class=\"elementor-element elementor-element-3a4d6728 e-flex e-con-boxed e-con e-parent\" data-id=\"3a4d6728\" data-element_type=\"container\">\n\t\t\t\t\t<div class=\"e-con-inner\">\n\t\t\t\t<div class=\"elementor-element elementor-element-1c67f20 elementor-widget elementor-widget-text-editor\" data-id=\"1c67f20\" data-element_type=\"widget\" data-widget_type=\"text-editor.default\">\n\t\t\t\t<div class=\"elementor-widget-container\">\n\t\t\t\t\t\t\t<h1><strong>Politique de confidentialit\u00e9<\/strong><\/h1><h5><strong>D\u00e9claration de Confidentialit\u00e9<\/strong><\/h5><p>La pr\u00e9sente D\u00e9claration de confidentialit\u00e9 comme un reflet de notre engagement vis-\u00e0-vis de la protection de la vie priv\u00e9e et des donn\u00e9es. Le pr\u00e9sent document expose nos pratiques de gestion des informations pouvant identifier une personne de mani\u00e8re directe ou indirecte (\u00ab Donn\u00e9es \u00e0 caract\u00e8re personnel \u00bb). <br \/>La d\u00e9claration de confidentialit\u00e9 vise \u00e0 expliquer quelles sont les Donn\u00e9es \u00e0 caract\u00e8re personnel trait\u00e9es par SYNERGLASS-SOFT, qui utilise vos Donn\u00e9es \u00e0 caract\u00e8re personnel, \u00e0 quelle(s) fin(s), pendant combien de temps, et quels sont les droits dont vous disposez dans ce contexte.<br \/>SYNERGLASS-SOFT traite des informations, y compris des Donn\u00e9es \u00e0 caract\u00e8re personnel relatives aux utilisateurs des Services Synerglass-Soft, \u00e0 l\u2019aide de cookies ou de technologies similaires aux fins d\u00e9finies dans la D\u00e9claration relative aux Cookies ci-dessous.<br \/>SYNERGLASS-SOFT peut collecter diff\u00e9rents types de Donn\u00e9es \u00e0 caract\u00e8re personnel vous concernant dans le cadre de ses activit\u00e9s, notamment :<br \/>&#8211; Coordonn\u00e9es personnelles ;<br \/>&#8211; les Donn\u00e9es \u00e0 caract\u00e8re personnel li\u00e9es \u00e0 votre relation commerciale avec SYNERGLASS-SOFT ou \u00e0 celle de votre employeur ;<br \/>&#8211; les Donn\u00e9es \u00e0 caract\u00e8re personnel que SYNERGLASS-SOFT doit collecter \u00e0 des fins l\u00e9gales et de conformit\u00e9 ;<br \/>&#8211; les donn\u00e9es d\u2019utilisation, d\u2019inscription et de participation personnelles que SYNERGLASS-SOFT peut g\u00e9n\u00e9rer au fil de votre utilisation de ses offres Web et en ligne ;<br \/>&#8211; les cat\u00e9gories sp\u00e9ciales de Donn\u00e9es \u00e0 caract\u00e8re personnel ;<br \/>&#8211; les Donn\u00e9es \u00e0 caract\u00e8re personnel li\u00e9es aux applications ;<br \/>&#8211; les Donn\u00e9es \u00e0 caract\u00e8re personnel que SYNERGLASS-SOFT peut recevoir de la part de tiers; <br \/>&#8211; les Donn\u00e9es \u00e0 caract\u00e8re personnel dont SYNERGLASS-SOFT a besoin pour garantir votre satisfaction et celle de votre employeur \u00e0 l\u2019\u00e9gard de nos produits, services et offres.<br \/>SYNERGLASS-SOFT traite vos Donn\u00e9es \u00e0 caract\u00e8re personnel pour :<br \/>&#8211; entretenir ses relations commerciales avec vous, votre employeur ou les clients de votre employeur, notamment en garantissant votre satisfaction \u00e0 l\u2019\u00e9gard de nos produits et services et en vous tenant inform\u00e9 des derni\u00e8res nouveaut\u00e9s ;<br \/>&#8211; d\u00e9velopper et vous proposer ses produits logiciels, ses services Cloud et d\u2019autres services ;<br \/>&#8211; prot\u00e9ger la qualit\u00e9 et la s\u00e9curit\u00e9 de ses locaux, installations, produits ou services ;<br \/>&#8211; s\u00e9curiser et, si n\u00e9cessaire, d\u00e9fendre ses actifs juridiques prot\u00e9g\u00e9s contre les attaques ill\u00e9gales, faire valoir nos droits ou d\u00e9fendre SYNERGLASS-SOFT contre toute action en justice ;<br \/>&#8211; garantir la conformit\u00e9 aux lois et r\u00e9glementations l\u00e9gales applicables \u00e0 SYNERGLASS-SOFT ;<br \/>&#8211; g\u00e9rer des pages Internet, des offres Web ou d\u2019autres \u00e9v\u00e9nements en ligne de SYNERGLASS-SOFT, y compris l\u2019analyse du comportement des utilisateurs, ce qui vous permet de cr\u00e9er un profil utilisateur, de tirer parti d\u2019un service de gestion d\u2019identit\u00e9, et de promouvoir et d\u2019am\u00e9liorer continuellement votre exp\u00e9rience utilisateur ;<br \/>&#8211; trouver votre profil lors de recherches de talents potentiels pour SYNERGLASS-SOFT ;<br \/>&#8211; les transf\u00e9rer \u00e0 des destinataires tels que d\u2019autres entit\u00e9s du Groupe SYNERGLASS-SOFT, des prestataires de services tiers, des partenaires SYNERGLASS-SOFT et autres.<br \/>Si vous souhaitez en savoir plus sur chacune des finalit\u00e9s au titre desquelles SYNERGLASS-SOFT peut collecter, transf\u00e9rer et utiliser vos Donn\u00e9es \u00e0 caract\u00e8re personnel, notamment sur la dur\u00e9e de conservation de vos donn\u00e9es et les aspects sp\u00e9cifiques au R\u00e8glement g\u00e9n\u00e9ral sur la protection des donn\u00e9es (RGPD), le fondement juridique sur lequel SYNERGLASS-SOFT s\u2019appuie pour poursuivre lesdites finalit\u00e9s, veuillez vous reporter \u00e0 la d\u00e9claration de confidentialit\u00e9 compl\u00e8te ci-dessous.<br \/>Quels sont vos droits en mati\u00e8re de protection des donn\u00e9es ? Vous avez le droit de demander \u00e0 SYNERGLASS-SOFT la possibilit\u00e9 d\u2019acc\u00e9der \u00e0 vos Donn\u00e9es \u00e0 caract\u00e8re personnel et\/ou la correction, restitution ou suppression desdites Donn\u00e9es \u00e0 caract\u00e8re personnel. <br \/>Vous pouvez demander \u00e0 SYNERGLASS-SOFT de restreindre l\u2019acc\u00e8s \u00e0 vos Donn\u00e9es \u00e0 caract\u00e8re personnel ou de les exclure de tout traitement ult\u00e9rieur.<br \/>Vous pouvez r\u00e9voquer un consentement donn\u00e9 pr\u00e9alablement ou vous opposer aux activit\u00e9s de traitement que SYNERGLASS-SOFT peut envisager dans un cas pr\u00e9cis.<br \/>Si vous pensez que SYNERGLASS-SOFT ne traite pas vos Donn\u00e9es \u00e0 caract\u00e8re personnel conform\u00e9ment \u00e0 la pr\u00e9sente d\u00e9claration de confidentialit\u00e9 ou aux lois applicables en mati\u00e8re de protection des donn\u00e9es, vous \u00eates en droit de formuler une r\u00e9clamation aupr\u00e8s d\u2019une autorit\u00e9 de contr\u00f4le comp\u00e9tente.<br \/>Le R\u00e8glement g\u00e9n\u00e9ral sur la protection des donn\u00e9es (RGPD) de Synerglass-Soft d\u00e9crit en d\u00e9tail chacun des dits droits.<\/p>\t\t\t\t\t\t<\/div>\n\t\t\t\t<\/div>\n\t\t\t\t\t<\/div>\n\t\t\t\t<\/div>\n\t\t\t\t<\/div>\n\t\t","protected":false},"excerpt":{"rendered":"<p>Politique de confidentialit\u00e9 D\u00e9claration de Confidentialit\u00e9 La pr\u00e9sente D\u00e9claration de confidentialit\u00e9 comme un reflet de notre engagement vis-\u00e0-vis de la protection de la vie priv\u00e9e et des donn\u00e9es. Le pr\u00e9sent document expose nos pratiques de gestion des informations pouvant identifier &hellip; <a href=\"https:\/\/preprod.syner.glass\/fr\/politique-de-confidentialite\/\">Read More<\/a><\/p>\n","protected":false},"author":2,"featured_media":0,"parent":0,"menu_order":0,"comment_status":"closed","ping_status":"closed","template":"","meta":{"_acf_changed":false,"inline_featured_image":false,"footnotes":""},"class_list":["post-2764","page","type-page","status-publish","hentry"],"acf":[],"_links":{"self":[{"href":"https:\/\/preprod.syner.glass\/fr\/wp-json\/wp\/v2\/pages\/2764","targetHints":{"allow":["GET"]}}],"collection":[{"href":"https:\/\/preprod.syner.glass\/fr\/wp-json\/wp\/v2\/pages"}],"about":[{"href":"https:\/\/preprod.syner.glass\/fr\/wp-json\/wp\/v2\/types\/page"}],"author":[{"embeddable":true,"href":"https:\/\/preprod.syner.glass\/fr\/wp-json\/wp\/v2\/users\/2"}],"replies":[{"embeddable":true,"href":"https:\/\/preprod.syner.glass\/fr\/wp-json\/wp\/v2\/comments?post=2764"}],"version-history":[{"count":5,"href":"https:\/\/preprod.syner.glass\/fr\/wp-json\/wp\/v2\/pages\/2764\/revisions"}],"predecessor-version":[{"id":8068,"href":"https:\/\/preprod.syner.glass\/fr\/wp-json\/wp\/v2\/pages\/2764\/revisions\/8068"}],"wp:attachment":[{"href":"https:\/\/preprod.syner.glass\/fr\/wp-json\/wp\/v2\/media?parent=2764"}],"curies":[{"name":"wp","href":"https:\/\/api.w.org\/{rel}","templated":true}]}}