{"id":7902,"date":"2024-09-25T12:41:18","date_gmt":"2024-09-25T10:41:18","guid":{"rendered":"https:\/\/preprod.syner.glass\/politica-de-cookies\/"},"modified":"2024-12-16T13:39:09","modified_gmt":"2024-12-16T12:39:09","slug":"politica-de-cookies","status":"publish","type":"page","link":"https:\/\/preprod.syner.glass\/es\/politica-de-cookies\/","title":{"rendered":"Pol\u00edtica de cookies"},"content":{"rendered":"\t\t<div data-elementor-type=\"wp-page\" data-elementor-id=\"7902\" class=\"elementor elementor-7902 elementor-2713\" data-elementor-post-type=\"page\">\n\t\t\t\t<div class=\"elementor-element elementor-element-3a4d6728 e-con-full e-flex e-con e-parent\" data-id=\"3a4d6728\" data-element_type=\"container\">\n\t\t\t\t<div class=\"elementor-element elementor-element-1c67f20 elementor-widget elementor-widget-text-editor\" data-id=\"1c67f20\" data-element_type=\"widget\" data-widget_type=\"text-editor.default\">\n\t\t\t\t<div class=\"elementor-widget-container\">\n\t\t\t\t\t\t\t<h1 class=\"entry-title\"><strong>Pol\u00edtica de cookies<\/strong><\/h1>\n<p><em>Esta pol\u00edtica de cookies se actualiz\u00f3 por \u00faltima vez el 27 de marzo de 2024, y se aplica a los ciudadanos y residentes legales permanentes del Espacio Econ\u00f3mico Europeo y Suiza.<\/em><\/p>\n<p><strong>1. Introducci\u00f3n<\/strong><br \/>Nuestro sitio web, <a href=\"https:\/\/www.syner.glass\">https:\/\/www.syner.glass<\/a> (en adelante, &#8220;el sitio web&#8221;), utiliza cookies y otras tecnolog\u00edas relacionadas (para simplificar, todas estas tecnolog\u00edas se denominan &#8220;cookies&#8221;). Las cookies de terceros tambi\u00e9n pueden ser colocadas por partes que hayamos contratado. En el siguiente documento, te informamos sobre el uso de cookies en nuestro sitio web.  <\/p>\n<p><strong>2. \u00bfQu\u00e9 son las cookies?<\/strong><br \/>Una cookie es un peque\u00f1o archivo simple que se env\u00eda con las p\u00e1ginas de este sitio web y que tu navegador almacena en el disco duro de tu ordenador u otro dispositivo. La informaci\u00f3n almacenada en ella puede ser enviada a nuestros servidores o a los de terceros pertinentes durante una visita posterior. <\/p>\n<p><strong>3. \u00bfQu\u00e9 son los guiones?<\/strong><br \/>Un script es un fragmento de c\u00f3digo de programa que se utiliza para que nuestro sitio web funcione correctamente y de forma interactiva. Este c\u00f3digo se ejecuta en nuestro servidor o en tu dispositivo. <\/p>\n<p><strong>4. \u00bfQu\u00e9 es una baliza web?<\/strong><br \/>Una baliza web (o etiqueta invisible) es un peque\u00f1o fragmento de texto o imagen invisible en un sitio web, que se utiliza para controlar el tr\u00e1fico en un sitio web. Para ello, se almacenan diversos datos sobre ti mediante balizas web. <\/p>\n<p><strong>5. Cookies  <\/strong><\/p>\n<p><strong>5.1 Cookies t\u00e9cnicas o funcionales<\/strong><br \/>Algunas cookies garantizan que ciertas partes del sitio web funcionen correctamente y que se recuerden tus preferencias de usuario. Al colocar cookies funcionales, te facilitamos la visita a nuestro sitio web. De este modo, no necesitas introducir repetidamente la misma informaci\u00f3n cuando visitas nuestro sitio web, y los art\u00edculos permanecen en tu cesta de la compra hasta que completas el pago. Podemos colocar estas cookies sin tu consentimiento.   <\/p>\n<p><strong>5.2 Cookies de marketing\/seguimiento<\/strong><br \/>Las cookies de marketing\/seguimiento son cookies o cualquier otra forma de almacenamiento local utilizadas para crear perfiles de usuario con el fin de mostrar publicidad o seguir al usuario en este sitio web o en varios sitios web con fines de marketing similares.<\/p>\n<p><strong>6. Cookies colocadas<\/strong><\/p>\n<p><strong>7. Consentimiento<\/strong><br \/>Cuando visites nuestro sitio web por primera vez, te mostraremos una ventana emergente con una explicaci\u00f3n sobre las cookies. En cuanto hagas clic en &#8220;Aceptar todo&#8221;, dar\u00e1s tu consentimiento para que utilicemos todas las cookies y plugins tal y como se describe en la ventana emergente y en esta pol\u00edtica de cookies. Puedes desactivar el uso de cookies a trav\u00e9s de tu navegador, pero ten en cuenta que es posible que nuestro sitio web deje de funcionar correctamente.  <\/p>\n<p><strong>7.1 Gestiona la configuraci\u00f3n de tu consentimiento<\/strong><br \/>Funcional &#8211; Siempre activo<br \/>Marketing &#8211; Comercializaci\u00f3n<\/p>\n<p><strong>8. Activar\/desactivar y eliminar cookies<\/strong><br \/>Puedes utilizar tu navegador de Internet para eliminar cookies autom\u00e1tica o manualmente. Tambi\u00e9n puedes especificar que no se coloquen determinadas cookies. Otra opci\u00f3n es cambiar la configuraci\u00f3n de tu navegador de internet para que recibas un mensaje cada vez que se coloque una cookie. Para m\u00e1s informaci\u00f3n sobre estas opciones, consulta las instrucciones de la secci\u00f3n de Ayuda de tu navegador.<br \/>Ten en cuenta que nuestro sitio web puede no funcionar correctamente si se desactivan todas las cookies. Si eliminas las cookies de tu navegador, se volver\u00e1n a colocar tras tu consentimiento cuando vuelvas a visitar nuestro sitio web.    <\/p>\n<p><strong>9. Tus derechos en relaci\u00f3n con los datos personales<\/strong><br \/>Tienes los siguientes derechos en relaci\u00f3n con tus datos personales:<br \/>&#8211; Tienes derecho a saber por qu\u00e9 son necesarios tus datos personales, qu\u00e9 ocurrir\u00e1 con ellos y durante cu\u00e1nto tiempo se conservar\u00e1n.<br \/>&#8211; Derecho de acceso: Tienes derecho a acceder a tus datos personales de los que tengamos conocimiento.<br \/>&#8211; Derecho de rectificaci\u00f3n: Tienes derecho a completar, rectificar, eliminar o bloquear tus datos personales en cualquier momento.<br \/>&#8211; Si nos das tu consentimiento para procesar tus datos, tienes derecho a revocar este consentimiento y a que se eliminen tus datos personales.<br \/>&#8211; Derecho a transferir tus datos: Tienes derecho a solicitar todos tus datos personales al responsable del tratamiento y a transferirlos en su totalidad a otro responsable del tratamiento.<br \/>&#8211; Derecho de oposici\u00f3n: Puedes oponerte al tratamiento de tus datos. Lo cumpliremos a menos que existan motivos justificados para procesarlos.<br \/>Para ejercer estos derechos, ponte en contacto con nosotros. Consulta los datos de contacto al final de esta pol\u00edtica de cookies. Si tienes alguna queja sobre c\u00f3mo tratamos tus datos, te agradecer\u00edamos que nos lo comunicaras, pero tambi\u00e9n tienes derecho a presentar una queja ante la autoridad supervisora (la autoridad responsable de la protecci\u00f3n de datos).   <\/p>\n<p><strong>10. Informaci\u00f3n de contacto<\/strong><br \/>Para preguntas y\/o comentarios sobre nuestra pol\u00edtica de cookies y esta declaraci\u00f3n, ponte en contacto con nosotros utilizando los siguientes datos:<br \/>SYNERGLASS<br \/>Rue des Spinettes,<br \/>7, 4140,<br \/>Sprimont,<br \/>B\u00e9lgica<br \/>Sitio web: <a href=\"https:\/\/www.syner.glass\">https:\/\/www.syner.glass<\/a><br \/>Correo electr\u00f3nico: <a href=\"mailto:syner_admin@yopmail.com\">syner_admin@yopmail.com<\/a><\/p>\n<p>Esta pol\u00edtica de cookies se sincroniz\u00f3 con cookiedatabase.org el 28 de abril de 2024.<\/p>\n\t\t\t\t\t\t<\/div>\n\t\t\t\t<\/div>\n\t\t\t\t<\/div>\n\t\t\t\t<\/div>\n\t\t","protected":false},"excerpt":{"rendered":"<p>Pol\u00edtica de cookies Esta pol\u00edtica de cookies se actualiz\u00f3 por \u00faltima vez el 27 de marzo de 2024, y se aplica a los ciudadanos y residentes legales permanentes del Espacio Econ\u00f3mico Europeo y Suiza. 1. Introducci\u00f3nNuestro sitio web, https:\/\/www.syner.glass (en &hellip; <a href=\"https:\/\/preprod.syner.glass\/es\/politica-de-cookies\/\">Read More<\/a><\/p>\n","protected":false},"author":2,"featured_media":0,"parent":0,"menu_order":0,"comment_status":"closed","ping_status":"closed","template":"","meta":{"_acf_changed":false,"inline_featured_image":false,"footnotes":""},"class_list":["post-7902","page","type-page","status-publish","hentry"],"acf":[],"_links":{"self":[{"href":"https:\/\/preprod.syner.glass\/es\/wp-json\/wp\/v2\/pages\/7902","targetHints":{"allow":["GET"]}}],"collection":[{"href":"https:\/\/preprod.syner.glass\/es\/wp-json\/wp\/v2\/pages"}],"about":[{"href":"https:\/\/preprod.syner.glass\/es\/wp-json\/wp\/v2\/types\/page"}],"author":[{"embeddable":true,"href":"https:\/\/preprod.syner.glass\/es\/wp-json\/wp\/v2\/users\/2"}],"replies":[{"embeddable":true,"href":"https:\/\/preprod.syner.glass\/es\/wp-json\/wp\/v2\/comments?post=7902"}],"version-history":[{"count":1,"href":"https:\/\/preprod.syner.glass\/es\/wp-json\/wp\/v2\/pages\/7902\/revisions"}],"predecessor-version":[{"id":7903,"href":"https:\/\/preprod.syner.glass\/es\/wp-json\/wp\/v2\/pages\/7902\/revisions\/7903"}],"wp:attachment":[{"href":"https:\/\/preprod.syner.glass\/es\/wp-json\/wp\/v2\/media?parent=7902"}],"curies":[{"name":"wp","href":"https:\/\/api.w.org\/{rel}","templated":true}]}}