{"id":2770,"date":"2024-09-04T15:04:19","date_gmt":"2024-09-04T13:04:19","guid":{"rendered":"https:\/\/preprod.syner.glass\/politica-de-privacidad\/"},"modified":"2024-12-18T12:48:00","modified_gmt":"2024-12-18T11:48:00","slug":"politica-de-privacidad","status":"publish","type":"page","link":"https:\/\/preprod.syner.glass\/es\/politica-de-privacidad\/","title":{"rendered":"Pol\u00edtica de Privacidad"},"content":{"rendered":"\t\t<div data-elementor-type=\"wp-page\" data-elementor-id=\"2770\" class=\"elementor elementor-2770 elementor-3\" data-elementor-post-type=\"page\">\n\t\t\t\t<div class=\"elementor-element elementor-element-3a4d6728 e-flex e-con-boxed e-con e-parent\" data-id=\"3a4d6728\" data-element_type=\"container\">\n\t\t\t\t\t<div class=\"e-con-inner\">\n\t\t\t\t<div class=\"elementor-element elementor-element-1c67f20 elementor-widget elementor-widget-text-editor\" data-id=\"1c67f20\" data-element_type=\"widget\" data-widget_type=\"text-editor.default\">\n\t\t\t\t<div class=\"elementor-widget-container\">\n\t\t\t\t\t\t\t<h1><strong>Pol\u00edtica de Privacidad<\/strong><\/h1><h5><strong>Declaraci\u00f3n de Privacidad<br \/><\/strong><\/h5><p>La presente Declaraci\u00f3n de privacidad refleja nuestro compromiso con la protecci\u00f3n de la privacidad y los datos. Este documento expone nuestras pr\u00e1cticas de gesti\u00f3n de la informaci\u00f3n que puede identificar a una persona de manera directa o indirecta (&#8220;Datos personales&#8221;). <br \/>La declaraci\u00f3n de privacidad tiene como objetivo explicar cu\u00e1les son los Datos personales tratados por SYNERGLASS-SOFT, qui\u00e9n utiliza sus Datos personales, con qu\u00e9 prop\u00f3sito(s), durante cu\u00e1nto tiempo, y cu\u00e1les son los derechos de los que usted dispone en este contexto.<br \/>SYNERGLASS-SOFT trata informaci\u00f3n, incluidos Datos personales relacionados con los usuarios de los Servicios Synerglass-Soft, mediante cookies o tecnolog\u00edas similares para los fines definidos en la Declaraci\u00f3n de Cookies a continuaci\u00f3n.<br \/>SYNERGLASS-SOFT puede recopilar diferentes tipos de Datos personales que le conciernen en el marco de sus actividades, entre ellos:<br \/>\u2022 Datos de contacto personales;<br \/>\u2022 Datos personales relacionados con su relaci\u00f3n comercial con SYNERGLASS-SOFT o la de su empleador;<br \/>\u2022 Personal Data that SYNERGLASS-SOFT must collect for legal and compliance purposes;<br \/>\u2022 Datos personales que SYNERGLASS-SOFT debe recopilar con fines legales y de cumplimiento;<br \/>\u2022 Datos de uso, registro y participaci\u00f3n personales que SYNERGLASS-SOFT puede generar a lo largo de su uso de sus ofertas web y en l\u00ednea;<br \/>\u2022 Categor\u00edas especiales de Datos personales;<br \/>\u2022 Datos personales relacionados con aplicaciones;<br \/>\u2022 Datos personales que SYNERGLASS-SOFT puede recibir de terceros;<br \/>\u2022 Datos personales que SYNERGLASS-SOFT necesita para garantizar su satisfacci\u00f3n y la de su empleador con respecto a nuestros productos, servicios y ofertas.<br \/>SYNERGLASS-SOFT trata sus Datos personales para:<br \/>\u2022 Mantener sus relaciones comerciales con usted, su empleador o los clientes de su empleador, garantizando especialmente su satisfacci\u00f3n con nuestros productos y servicios, y manteni\u00e9ndolo informado de las \u00faltimas novedades;<br \/>\u2022 Desarrollar y ofrecerle sus productos de software, sus servicios en la nube y otros servicios;<br \/>\u2022 Proteger la calidad y seguridad de sus instalaciones, productos o servicios;<br \/>\u2022 Asegurar y, si es necesario, defender sus activos jur\u00eddicos protegidos contra ataques ilegales, hacer valer nuestros derechos o defender a SYNERGLASS-SOFT en cualquier acci\u00f3n legal;<br \/>\u2022 Garantizar el cumplimiento de las leyes y normativas aplicables a SYNERGLASS-SOFT;<br \/>\u2022 Gestionar p\u00e1ginas web, ofertas web u otros eventos en l\u00ednea de SYNERGLASS-SOFT, incluida la anal\u00edtica de comportamiento del usuario, lo que le permite crear un perfil de usuario, aprovechar un servicio de gesti\u00f3n de identidad, y promocionar y mejorar continuamente su experiencia de usuario;<br \/>\u2022 Identificar su perfil durante b\u00fasquedas de talento potencial para SYNERGLASS-SOFT;<br \/>\u2022 Transferirlos a destinatarios como otras entidades del Grupo SYNERGLASS-SOFT, proveedores de servicios terceros, socios de SYNERGLASS-SOFT y otros.<br \/>Si desea obtener m\u00e1s informaci\u00f3n sobre cada uno de los fines para los cuales SYNERGLASS-SOFT puede recopilar, transferir y utilizar sus Datos personales, incluidas la duraci\u00f3n de la conservaci\u00f3n de sus datos y los aspectos espec\u00edficos del Reglamento General de Protecci\u00f3n de Datos (RGPD), y la base legal en la que SYNERGLASS-SOFT se basa para perseguir dichos fines, consulte la declaraci\u00f3n de privacidad completa a continuaci\u00f3n.<br \/>\u00bfCu\u00e1les son sus derechos en materia de protecci\u00f3n de datos? Usted tiene el derecho de solicitar a SYNERGLASS-SOFT la posibilidad de acceder a sus Datos personales y\/o corregir, recuperar o eliminar dichos Datos personales. <br \/>Puede solicitar a SYNERGLASS-SOFT que restrinja el acceso a sus Datos personales o los excluya de cualquier tratamiento posterior.<br \/>Puede revocar un consentimiento dado previamente u oponerse a las actividades de tratamiento que SYNERGLASS-SOFT pueda considerar en un caso concreto.<br \/>Si cree que SYNERGLASS-SOFT no est\u00e1 tratando sus Datos personales de acuerdo con esta declaraci\u00f3n de privacidad o con las leyes aplicables en materia de protecci\u00f3n de datos, tiene el derecho de presentar una queja ante una autoridad de control competente.<br \/>El Reglamento General de Protecci\u00f3n de Datos (RGPD) de Synerglass-Soft describe en detalle cada uno de estos derechos.<\/p>\t\t\t\t\t\t<\/div>\n\t\t\t\t<\/div>\n\t\t\t\t\t<\/div>\n\t\t\t\t<\/div>\n\t\t\t\t<\/div>\n\t\t","protected":false},"excerpt":{"rendered":"<p>Pol\u00edtica de Privacidad Declaraci\u00f3n de Privacidad La presente Declaraci\u00f3n de privacidad refleja nuestro compromiso con la protecci\u00f3n de la privacidad y los datos. Este documento expone nuestras pr\u00e1cticas de gesti\u00f3n de la informaci\u00f3n que puede identificar a una persona de &hellip; <a href=\"https:\/\/preprod.syner.glass\/es\/politica-de-privacidad\/\">Read More<\/a><\/p>\n","protected":false},"author":2,"featured_media":0,"parent":0,"menu_order":0,"comment_status":"closed","ping_status":"closed","template":"","meta":{"_acf_changed":false,"inline_featured_image":false,"footnotes":""},"class_list":["post-2770","page","type-page","status-publish","hentry"],"acf":[],"_links":{"self":[{"href":"https:\/\/preprod.syner.glass\/es\/wp-json\/wp\/v2\/pages\/2770","targetHints":{"allow":["GET"]}}],"collection":[{"href":"https:\/\/preprod.syner.glass\/es\/wp-json\/wp\/v2\/pages"}],"about":[{"href":"https:\/\/preprod.syner.glass\/es\/wp-json\/wp\/v2\/types\/page"}],"author":[{"embeddable":true,"href":"https:\/\/preprod.syner.glass\/es\/wp-json\/wp\/v2\/users\/2"}],"replies":[{"embeddable":true,"href":"https:\/\/preprod.syner.glass\/es\/wp-json\/wp\/v2\/comments?post=2770"}],"version-history":[{"count":7,"href":"https:\/\/preprod.syner.glass\/es\/wp-json\/wp\/v2\/pages\/2770\/revisions"}],"predecessor-version":[{"id":8074,"href":"https:\/\/preprod.syner.glass\/es\/wp-json\/wp\/v2\/pages\/2770\/revisions\/8074"}],"wp:attachment":[{"href":"https:\/\/preprod.syner.glass\/es\/wp-json\/wp\/v2\/media?parent=2770"}],"curies":[{"name":"wp","href":"https:\/\/api.w.org\/{rel}","templated":true}]}}